{"id":10,"date":"2018-04-24T02:24:20","date_gmt":"2018-04-24T02:24:20","guid":{"rendered":"http:\/\/oncodecolombia.com\/index.php\/front-page\/"},"modified":"2018-04-24T22:15:22","modified_gmt":"2018-04-25T03:15:22","slug":"front-page","status":"publish","type":"page","link":"https:\/\/oncodecolombia.com\/","title":{"rendered":"Home"},"content":{"rendered":"<p>Somos una asociaci\u00f3n constituida por especialistas relacionados con el c\u00e1ncer quienes queremos y brindamos atenci\u00f3n integral a trav\u00e9s de prestaci\u00f3n de servicios, de salud, participamos formaci\u00f3n, investigaci\u00f3n, seguimos los lineamientos de pol\u00edticas nacionales y participamos en los procesos de salud nacionales e internacionales.<\/p>\n","protected":false},"excerpt":{"rendered":"<p>Somos una asociaci\u00f3n constituida por especialistas relacionados con el c\u00e1ncer quienes queremos y brindamos atenci\u00f3n integral a trav\u00e9s de prestaci\u00f3n de servicios, de salud, participamos formaci\u00f3n, investigaci\u00f3n, seguimos los lineamientos de pol\u00edticas nacionales y participamos en los procesos de salud nacionales e internacionales.<\/p>\n","protected":false},"author":1,"featured_media":0,"parent":0,"menu_order":0,"comment_status":"closed","ping_status":"closed","template":"page-templates\/template-home.php","meta":{"om_disable_all_campaigns":false,"_monsterinsights_skip_tracking":false,"_monsterinsights_sitenote_active":false,"_monsterinsights_sitenote_note":"","_monsterinsights_sitenote_category":0,"footnotes":""},"class_list":["post-10","page","type-page","status-publish","hentry"],"jetpack_sharing_enabled":true,"_links":{"self":[{"href":"https:\/\/oncodecolombia.com\/index.php\/wp-json\/wp\/v2\/pages\/10","targetHints":{"allow":["GET"]}}],"collection":[{"href":"https:\/\/oncodecolombia.com\/index.php\/wp-json\/wp\/v2\/pages"}],"about":[{"href":"https:\/\/oncodecolombia.com\/index.php\/wp-json\/wp\/v2\/types\/page"}],"author":[{"embeddable":true,"href":"https:\/\/oncodecolombia.com\/index.php\/wp-json\/wp\/v2\/users\/1"}],"replies":[{"embeddable":true,"href":"https:\/\/oncodecolombia.com\/index.php\/wp-json\/wp\/v2\/comments?post=10"}],"version-history":[{"count":3,"href":"https:\/\/oncodecolombia.com\/index.php\/wp-json\/wp\/v2\/pages\/10\/revisions"}],"predecessor-version":[{"id":27,"href":"https:\/\/oncodecolombia.com\/index.php\/wp-json\/wp\/v2\/pages\/10\/revisions\/27"}],"wp:attachment":[{"href":"https:\/\/oncodecolombia.com\/index.php\/wp-json\/wp\/v2\/media?parent=10"}],"curies":[{"name":"wp","href":"https:\/\/api.w.org\/{rel}","templated":true}]}}