{"id":103,"date":"2023-06-28T12:24:20","date_gmt":"2023-06-28T17:24:20","guid":{"rendered":"http:\/\/oncodecolombia.com\/?page_id=103"},"modified":"2023-06-28T12:35:21","modified_gmt":"2023-06-28T17:35:21","slug":"permanencia-esal2023","status":"publish","type":"page","link":"https:\/\/oncodecolombia.com\/index.php\/permanencia-esal2023\/","title":{"rendered":"Permanencia ESAL 2023"},"content":{"rendered":"\n<p>Documentaci\u00f3n presentada para solicitar la permanencia en el R\u00e9gimen Tributario Especial:<\/p>\n\n\n\n<p><a href=\"http:\/\/www.oncodecolombia.com\/esal\/2023\/informegestion.pdf\">1- Informe de gesti\u00f3n<\/a><\/p>\n\n\n\n<p><a href=\"http:\/\/www.oncodecolombia.com\/esal\/2023\/estadosfinancieros.pdf\">2- Estados financieros<\/a><\/p>\n\n\n\n<p><a href=\"http:\/\/www.oncodecolombia.com\/esal\/2023\/certificacionarticulo364.pdf\">3- Certificaci\u00f3n Articulo 364<\/a><\/p>\n\n\n\n<p><a href=\"http:\/\/www.oncodecolombia.com\/esal\/2023\/certificaciondirectivos.pdf\">4- Certificaci\u00f3n Directivos<\/a><\/p>\n\n\n\n<p><a href=\"http:\/\/www.oncodecolombia.com\/esal\/2023\/actaasamblea.pdf\">5- Acta Asamblea<\/a><\/p>\n\n\n\n<p><a href=\"http:\/\/www.oncodecolombia.com\/esal\/2023\/antecedentes.pdf\">6- Certificaci\u00f3n antecedentes<\/a><\/p>\n","protected":false},"excerpt":{"rendered":"<p>Documentaci\u00f3n presentada para solicitar la permanencia en el R\u00e9gimen Tributario Especial: 1- Informe de gesti\u00f3n 2- Estados financieros 3- Certificaci\u00f3n Articulo 364 4- Certificaci\u00f3n Directivos 5- Acta Asamblea 6- Certificaci\u00f3n antecedentes<\/p>\n","protected":false},"author":1,"featured_media":0,"parent":0,"menu_order":0,"comment_status":"closed","ping_status":"closed","template":"","meta":{"om_disable_all_campaigns":false,"_monsterinsights_skip_tracking":false,"_monsterinsights_sitenote_active":false,"_monsterinsights_sitenote_note":"","_monsterinsights_sitenote_category":0,"footnotes":""},"class_list":["post-103","page","type-page","status-publish","hentry"],"jetpack_sharing_enabled":true,"_links":{"self":[{"href":"https:\/\/oncodecolombia.com\/index.php\/wp-json\/wp\/v2\/pages\/103","targetHints":{"allow":["GET"]}}],"collection":[{"href":"https:\/\/oncodecolombia.com\/index.php\/wp-json\/wp\/v2\/pages"}],"about":[{"href":"https:\/\/oncodecolombia.com\/index.php\/wp-json\/wp\/v2\/types\/page"}],"author":[{"embeddable":true,"href":"https:\/\/oncodecolombia.com\/index.php\/wp-json\/wp\/v2\/users\/1"}],"replies":[{"embeddable":true,"href":"https:\/\/oncodecolombia.com\/index.php\/wp-json\/wp\/v2\/comments?post=103"}],"version-history":[{"count":3,"href":"https:\/\/oncodecolombia.com\/index.php\/wp-json\/wp\/v2\/pages\/103\/revisions"}],"predecessor-version":[{"id":108,"href":"https:\/\/oncodecolombia.com\/index.php\/wp-json\/wp\/v2\/pages\/103\/revisions\/108"}],"wp:attachment":[{"href":"https:\/\/oncodecolombia.com\/index.php\/wp-json\/wp\/v2\/media?parent=103"}],"curies":[{"name":"wp","href":"https:\/\/api.w.org\/{rel}","templated":true}]}}