{"id":110,"date":"2024-06-18T14:20:16","date_gmt":"2024-06-18T19:20:16","guid":{"rendered":"http:\/\/oncodecolombia.com\/?page_id=110"},"modified":"2024-06-18T20:46:04","modified_gmt":"2024-06-19T01:46:04","slug":"permanencia-esal2024","status":"publish","type":"page","link":"https:\/\/oncodecolombia.com\/index.php\/permanencia-esal2024\/","title":{"rendered":"Permanencia ESAL 2024"},"content":{"rendered":"\n<p>Documentaci\u00f3n presentada para solicitar la permanencia en el R\u00e9gimen Tributario Especial:<\/p>\n\n\n\n<p><a href=\"https:\/\/www.oncodecolombia.com\/esal\/2024\/informegestion.pdf\">1- Informe de gesti\u00f3n<\/a><\/p>\n\n\n\n<p><a href=\"https:\/\/www.oncodecolombia.com\/esal\/2024\/estadosfinancieros.pdf\">2- Estados financieros<\/a><\/p>\n\n\n\n<p><a href=\"https:\/\/www.oncodecolombia.com\/esal\/2024\/certificacionrevisor.pdf\">3- Certificaci\u00f3n Revisor Fiscal<\/a><\/p>\n\n\n\n<p><a href=\"https:\/\/www.oncodecolombia.com\/esal\/2024\/certificaciondirectivos.pdf\">4- Certificaci\u00f3n Directivos<\/a><\/p>\n\n\n\n<p><a href=\"https:\/\/www.oncodecolombia.com\/esal\/2024\/acta2024.pdf\">5- Acta Asamblea<\/a><\/p>\n\n\n\n<p><a href=\"https:\/\/www.oncodecolombia.com\/esal\/2024\/antecedentes.pdf\">6- Certificaci\u00f3n antecedentes<\/a><\/p>\n","protected":false},"excerpt":{"rendered":"<p>Documentaci\u00f3n presentada para solicitar la permanencia en el R\u00e9gimen Tributario Especial: 1- Informe de gesti\u00f3n 2- Estados financieros 3- Certificaci\u00f3n Revisor Fiscal 4- Certificaci\u00f3n Directivos 5- Acta Asamblea 6- Certificaci\u00f3n antecedentes<\/p>\n","protected":false},"author":1,"featured_media":0,"parent":0,"menu_order":0,"comment_status":"closed","ping_status":"closed","template":"","meta":{"om_disable_all_campaigns":false,"_monsterinsights_skip_tracking":false,"_monsterinsights_sitenote_active":false,"_monsterinsights_sitenote_note":"","_monsterinsights_sitenote_category":0,"footnotes":""},"class_list":["post-110","page","type-page","status-publish","hentry"],"jetpack_sharing_enabled":true,"_links":{"self":[{"href":"https:\/\/oncodecolombia.com\/index.php\/wp-json\/wp\/v2\/pages\/110","targetHints":{"allow":["GET"]}}],"collection":[{"href":"https:\/\/oncodecolombia.com\/index.php\/wp-json\/wp\/v2\/pages"}],"about":[{"href":"https:\/\/oncodecolombia.com\/index.php\/wp-json\/wp\/v2\/types\/page"}],"author":[{"embeddable":true,"href":"https:\/\/oncodecolombia.com\/index.php\/wp-json\/wp\/v2\/users\/1"}],"replies":[{"embeddable":true,"href":"https:\/\/oncodecolombia.com\/index.php\/wp-json\/wp\/v2\/comments?post=110"}],"version-history":[{"count":4,"href":"https:\/\/oncodecolombia.com\/index.php\/wp-json\/wp\/v2\/pages\/110\/revisions"}],"predecessor-version":[{"id":116,"href":"https:\/\/oncodecolombia.com\/index.php\/wp-json\/wp\/v2\/pages\/110\/revisions\/116"}],"wp:attachment":[{"href":"https:\/\/oncodecolombia.com\/index.php\/wp-json\/wp\/v2\/media?parent=110"}],"curies":[{"name":"wp","href":"https:\/\/api.w.org\/{rel}","templated":true}]}}