{"id":2,"date":"2018-03-26T21:37:25","date_gmt":"2018-03-26T21:37:25","guid":{"rendered":"http:\/\/oncodecolombia.com\/\/?page_id=2"},"modified":"2018-04-25T02:43:01","modified_gmt":"2018-04-25T02:43:01","slug":"sample-page","status":"publish","type":"page","link":"https:\/\/oncodecolombia.com\/index.php\/sample-page\/","title":{"rendered":"Visi\u00f3n"},"content":{"rendered":"<p>A 2026 ser un grupo referente en prestaci\u00f3n de servicio de oncolog\u00eda, lidere los procesos de formaci\u00f3n en los servicios de salud en el manejo del c\u00e1ncer.<\/p>\n","protected":false},"excerpt":{"rendered":"<p>A 2026 ser un grupo referente en prestaci\u00f3n de servicio de oncolog\u00eda, lidere los procesos de formaci\u00f3n en los servicios de salud en el manejo del c\u00e1ncer.<\/p>\n","protected":false},"author":1,"featured_media":0,"parent":0,"menu_order":0,"comment_status":"closed","ping_status":"open","template":"page-templates\/full-width.php","meta":{"om_disable_all_campaigns":false,"_monsterinsights_skip_tracking":false,"_monsterinsights_sitenote_active":false,"_monsterinsights_sitenote_note":"","_monsterinsights_sitenote_category":0,"footnotes":""},"class_list":["post-2","page","type-page","status-publish","hentry"],"jetpack_sharing_enabled":true,"_links":{"self":[{"href":"https:\/\/oncodecolombia.com\/index.php\/wp-json\/wp\/v2\/pages\/2","targetHints":{"allow":["GET"]}}],"collection":[{"href":"https:\/\/oncodecolombia.com\/index.php\/wp-json\/wp\/v2\/pages"}],"about":[{"href":"https:\/\/oncodecolombia.com\/index.php\/wp-json\/wp\/v2\/types\/page"}],"author":[{"embeddable":true,"href":"https:\/\/oncodecolombia.com\/index.php\/wp-json\/wp\/v2\/users\/1"}],"replies":[{"embeddable":true,"href":"https:\/\/oncodecolombia.com\/index.php\/wp-json\/wp\/v2\/comments?post=2"}],"version-history":[{"count":2,"href":"https:\/\/oncodecolombia.com\/index.php\/wp-json\/wp\/v2\/pages\/2\/revisions"}],"predecessor-version":[{"id":28,"href":"https:\/\/oncodecolombia.com\/index.php\/wp-json\/wp\/v2\/pages\/2\/revisions\/28"}],"wp:attachment":[{"href":"https:\/\/oncodecolombia.com\/index.php\/wp-json\/wp\/v2\/media?parent=2"}],"curies":[{"name":"wp","href":"https:\/\/api.w.org\/{rel}","templated":true}]}}