{"id":55,"date":"2018-04-27T20:07:19","date_gmt":"2018-04-28T01:07:19","guid":{"rendered":"http:\/\/oncodecolombia.com\/?page_id=55"},"modified":"2018-04-27T22:03:05","modified_gmt":"2018-04-28T03:03:05","slug":"permanencia-esal","status":"publish","type":"page","link":"https:\/\/oncodecolombia.com\/index.php\/permanencia-esal\/","title":{"rendered":"Permanencia ESAL"},"content":{"rendered":"<p>Documentaci\u00f3n presentada para solicitar la permanencia en el R\u00e9gimen Tributario Especial:<\/p>\n<p><a href=\"http:\/\/www.oncodecolombia.com\/esal\/informegestion.pdf\">1- Informe de gesti\u00f3n.<\/a><\/p>\n<p><a href=\"http:\/\/www.oncodecolombia.com\/esal\/estadosfinancieros.pdf\">2- Estados financieros.<\/a><\/p>\n<p><a href=\"http:\/\/www.oncodecolombia.com\/esal\/certificacionrequisitos.pdf\">3- Certificaci\u00f3n de requisitos.<\/a><\/p>\n<p><a href=\"http:\/\/www.oncodecolombia.com\/esal\/ccb.pdf\">4- Certificado C\u00e1mara Comercio Bogot\u00e1.<\/a><\/p>\n<p><a href=\"http:\/\/www.oncodecolombia.com\/esal\/actaasamblea.pdf\">5- Acta Asamblea.<\/a><\/p>\n<p><a href=\"http:\/\/www.oncodecolombia.com\/esal\/estatutos.pdf\">6- Estatutos Asociaci\u00f3n.<\/a><\/p>\n<p><a href=\"http:\/\/www.oncodecolombia.com\/esal\/antecedentes.pdf\">7- Certificaci\u00f3n antecedentes.<\/a><\/p>\n<p><a href=\"http:\/\/www.oncodecolombia.com\/esal\/rut.pdf\">8- RUT.<\/a><\/p>\n<p><a href=\"http:\/\/www.oncodecolombia.com\/esal\/renta.pdf\">9- Declaraci\u00f3n de Renta.<\/a><\/p>\n","protected":false},"excerpt":{"rendered":"<p>Documentaci\u00f3n presentada para solicitar la permanencia en el R\u00e9gimen Tributario Especial: 1- Informe de gesti\u00f3n. 2- Estados financieros. 3- Certificaci\u00f3n de requisitos. 4- Certificado C\u00e1mara Comercio Bogot\u00e1. 5- Acta Asamblea. 6- Estatutos Asociaci\u00f3n. 7- Certificaci\u00f3n antecedentes. 8- RUT. 9- Declaraci\u00f3n de Renta.<\/p>\n","protected":false},"author":1,"featured_media":0,"parent":0,"menu_order":0,"comment_status":"closed","ping_status":"closed","template":"page-templates\/full-width.php","meta":{"om_disable_all_campaigns":false,"_monsterinsights_skip_tracking":false,"_monsterinsights_sitenote_active":false,"_monsterinsights_sitenote_note":"","_monsterinsights_sitenote_category":0,"footnotes":""},"class_list":["post-55","page","type-page","status-publish","hentry"],"jetpack_sharing_enabled":true,"_links":{"self":[{"href":"https:\/\/oncodecolombia.com\/index.php\/wp-json\/wp\/v2\/pages\/55","targetHints":{"allow":["GET"]}}],"collection":[{"href":"https:\/\/oncodecolombia.com\/index.php\/wp-json\/wp\/v2\/pages"}],"about":[{"href":"https:\/\/oncodecolombia.com\/index.php\/wp-json\/wp\/v2\/types\/page"}],"author":[{"embeddable":true,"href":"https:\/\/oncodecolombia.com\/index.php\/wp-json\/wp\/v2\/users\/1"}],"replies":[{"embeddable":true,"href":"https:\/\/oncodecolombia.com\/index.php\/wp-json\/wp\/v2\/comments?post=55"}],"version-history":[{"count":6,"href":"https:\/\/oncodecolombia.com\/index.php\/wp-json\/wp\/v2\/pages\/55\/revisions"}],"predecessor-version":[{"id":59,"href":"https:\/\/oncodecolombia.com\/index.php\/wp-json\/wp\/v2\/pages\/55\/revisions\/59"}],"wp:attachment":[{"href":"https:\/\/oncodecolombia.com\/index.php\/wp-json\/wp\/v2\/media?parent=55"}],"curies":[{"name":"wp","href":"https:\/\/api.w.org\/{rel}","templated":true}]}}