{"id":70,"date":"2019-04-12T17:33:56","date_gmt":"2019-04-12T22:33:56","guid":{"rendered":"http:\/\/oncodecolombia.com\/?page_id=70"},"modified":"2019-04-12T18:12:40","modified_gmt":"2019-04-12T23:12:40","slug":"permanencia-esal2019","status":"publish","type":"page","link":"https:\/\/oncodecolombia.com\/index.php\/permanencia-esal2019\/","title":{"rendered":"Permanencia ESAL 2019"},"content":{"rendered":"\n<p>Documentaci\u00f3n presentada para solicitar la permanencia en el R\u00e9gimen Tributario Especial:<\/p>\n\n\n\n<p><a href=\"http:\/\/www.oncodecolombia.com\/esal\/2019\/informegestion.pdf\">1- Informe de gesti\u00f3n.<\/a><\/p>\n\n\n\n<p><a href=\"http:\/\/www.oncodecolombia.com\/esal\/2019\/estadosfinancieros.pdf\">2- Estados financieros.<\/a><\/p>\n\n\n\n<p><a href=\"http:\/\/www.oncodecolombia.com\/esal\/2019\/certificacionrequisitos.pdf\">3- Certificaci\u00f3n de requisitos.<\/a><\/p>\n\n\n\n<p><a href=\"http:\/\/www.oncodecolombia.com\/esal\/2019\/certificacionremuneracion.pdf\">4- Certificado Representante Legal<\/a><\/p>\n\n\n\n<p><a href=\"http:\/\/www.oncodecolombia.com\/esal\/2019\/actaasamblea.pdf\">5- Acta Asamblea.<\/a><\/p>\n\n\n\n<p><a href=\"http:\/\/www.oncodecolombia.com\/esal\/2019\/antecedentes.pdf\">6- Certificaci\u00f3n antecedentes.<\/a><\/p>\n\n\n\n<p>A\u00f1os Anteriores:<\/p>\n\n\n\n<p><a href=\"http:\/\/oncodecolombia.com\/index.php\/permanencia-esal\/\">Documentos Permanencia ESAL 2018<\/a><\/p>\n","protected":false},"excerpt":{"rendered":"<p>Documentaci\u00f3n presentada para solicitar la permanencia en el R\u00e9gimen Tributario Especial: 1- Informe de gesti\u00f3n. 2- Estados financieros. 3- Certificaci\u00f3n de requisitos. 4- Certificado Representante Legal 5- Acta Asamblea. 6- Certificaci\u00f3n antecedentes. A\u00f1os Anteriores: Documentos Permanencia ESAL 2018<\/p>\n","protected":false},"author":1,"featured_media":0,"parent":0,"menu_order":0,"comment_status":"closed","ping_status":"closed","template":"","meta":{"om_disable_all_campaigns":false,"_monsterinsights_skip_tracking":false,"_monsterinsights_sitenote_active":false,"_monsterinsights_sitenote_note":"","_monsterinsights_sitenote_category":0,"footnotes":""},"class_list":["post-70","page","type-page","status-publish","hentry"],"jetpack_sharing_enabled":true,"_links":{"self":[{"href":"https:\/\/oncodecolombia.com\/index.php\/wp-json\/wp\/v2\/pages\/70","targetHints":{"allow":["GET"]}}],"collection":[{"href":"https:\/\/oncodecolombia.com\/index.php\/wp-json\/wp\/v2\/pages"}],"about":[{"href":"https:\/\/oncodecolombia.com\/index.php\/wp-json\/wp\/v2\/types\/page"}],"author":[{"embeddable":true,"href":"https:\/\/oncodecolombia.com\/index.php\/wp-json\/wp\/v2\/users\/1"}],"replies":[{"embeddable":true,"href":"https:\/\/oncodecolombia.com\/index.php\/wp-json\/wp\/v2\/comments?post=70"}],"version-history":[{"count":4,"href":"https:\/\/oncodecolombia.com\/index.php\/wp-json\/wp\/v2\/pages\/70\/revisions"}],"predecessor-version":[{"id":76,"href":"https:\/\/oncodecolombia.com\/index.php\/wp-json\/wp\/v2\/pages\/70\/revisions\/76"}],"wp:attachment":[{"href":"https:\/\/oncodecolombia.com\/index.php\/wp-json\/wp\/v2\/media?parent=70"}],"curies":[{"name":"wp","href":"https:\/\/api.w.org\/{rel}","templated":true}]}}