{"id":86,"date":"2021-03-31T18:41:59","date_gmt":"2021-03-31T23:41:59","guid":{"rendered":"http:\/\/oncodecolombia.com\/?page_id=86"},"modified":"2021-03-31T19:12:25","modified_gmt":"2021-04-01T00:12:25","slug":"permanencia-esal2021","status":"publish","type":"page","link":"https:\/\/oncodecolombia.com\/index.php\/permanencia-esal2021\/","title":{"rendered":"Permanencia ESAL 2021"},"content":{"rendered":"\n<p>Documentaci\u00f3n presentada para solicitar la permanencia en el R\u00e9gimen Tributario Especial:<\/p>\n\n\n\n<p><a href=\"http:\/\/www.oncodecolombia.com\/esal\/2021\/informedegestion2020.pdf\">1- Informe de gesti\u00f3n<\/a><\/p>\n\n\n\n<p><a href=\"http:\/\/www.oncodecolombia.com\/esal\/2021\/estadosfinancieros2020.pdf\">2- Estados financieros<\/a><\/p>\n\n\n\n<p><a href=\"http:\/\/www.oncodecolombia.com\/esal\/2021\/certificacionremuneracion.pdf\">3- Certificaci\u00f3n Revisor Fiscal<\/a><\/p>\n\n\n\n<p><a href=\"http:\/\/www.oncodecolombia.com\/esal\/2021\/certificacionremuneracion.pdf\">4- Certificaci\u00f3n Remuneraci\u00f3n<\/a><\/p>\n\n\n\n<p><a href=\"http:\/\/www.oncodecolombia.com\/esal\/2021\/acta.pdf\">5- Acta Asamblea<\/a><\/p>\n\n\n\n<p><a href=\"http:\/\/www.oncodecolombia.com\/esal\/2021\/certificacionantecedentes.pdf\">6- Certificaci\u00f3n antecedentes<\/a><\/p>\n\n\n\n<p>A\u00f1os Anteriores:<\/p>\n\n\n\n<p>Documentos Permanencia ESAL 2020<\/p>\n\n\n\n<p>Documentos Permanencia ESAL 2019<\/p>\n\n\n\n<p>Documentos Permanencia ESAL 2018<\/p>\n","protected":false},"excerpt":{"rendered":"<p>Documentaci\u00f3n presentada para solicitar la permanencia en el R\u00e9gimen Tributario Especial: 1- Informe de gesti\u00f3n 2- Estados financieros 3- Certificaci\u00f3n Revisor Fiscal 4- Certificaci\u00f3n Remuneraci\u00f3n 5- Acta Asamblea 6- Certificaci\u00f3n antecedentes A\u00f1os Anteriores: Documentos Permanencia ESAL 2020 Documentos Permanencia ESAL 2019 Documentos Permanencia ESAL 2018<\/p>\n","protected":false},"author":1,"featured_media":0,"parent":0,"menu_order":0,"comment_status":"closed","ping_status":"closed","template":"","meta":{"om_disable_all_campaigns":false,"_monsterinsights_skip_tracking":false,"_monsterinsights_sitenote_active":false,"_monsterinsights_sitenote_note":"","_monsterinsights_sitenote_category":0,"footnotes":""},"class_list":["post-86","page","type-page","status-publish","hentry"],"jetpack_sharing_enabled":true,"_links":{"self":[{"href":"https:\/\/oncodecolombia.com\/index.php\/wp-json\/wp\/v2\/pages\/86","targetHints":{"allow":["GET"]}}],"collection":[{"href":"https:\/\/oncodecolombia.com\/index.php\/wp-json\/wp\/v2\/pages"}],"about":[{"href":"https:\/\/oncodecolombia.com\/index.php\/wp-json\/wp\/v2\/types\/page"}],"author":[{"embeddable":true,"href":"https:\/\/oncodecolombia.com\/index.php\/wp-json\/wp\/v2\/users\/1"}],"replies":[{"embeddable":true,"href":"https:\/\/oncodecolombia.com\/index.php\/wp-json\/wp\/v2\/comments?post=86"}],"version-history":[{"count":3,"href":"https:\/\/oncodecolombia.com\/index.php\/wp-json\/wp\/v2\/pages\/86\/revisions"}],"predecessor-version":[{"id":91,"href":"https:\/\/oncodecolombia.com\/index.php\/wp-json\/wp\/v2\/pages\/86\/revisions\/91"}],"wp:attachment":[{"href":"https:\/\/oncodecolombia.com\/index.php\/wp-json\/wp\/v2\/media?parent=86"}],"curies":[{"name":"wp","href":"https:\/\/api.w.org\/{rel}","templated":true}]}}