{"id":93,"date":"2022-03-30T23:11:45","date_gmt":"2022-03-31T04:11:45","guid":{"rendered":"http:\/\/oncodecolombia.com\/?page_id=93"},"modified":"2022-03-31T20:33:54","modified_gmt":"2022-04-01T01:33:54","slug":"permanencia-esal2022","status":"publish","type":"page","link":"https:\/\/oncodecolombia.com\/index.php\/permanencia-esal2022\/","title":{"rendered":"Permanencia ESAL 2022"},"content":{"rendered":"\n<p>Documentaci\u00f3n presentada para solicitar la permanencia en el R\u00e9gimen Tributario Especial:<\/p>\n\n\n\n<p><a href=\"http:\/\/www.oncodecolombia.com\/esal\/2022\/informegestion.pdf\">1- Informe de gesti\u00f3n<\/a><\/p>\n\n\n\n<p><a href=\"http:\/\/www.oncodecolombia.com\/esal\/2022\/estadosfinancieros.pdf\">2- Estados financieros<\/a><\/p>\n\n\n\n<p><a href=\"http:\/\/www.oncodecolombia.com\/esal\/2022\/certificacionarticulo364.pdf\">3- Certificaci\u00f3n Articulo 364<\/a><\/p>\n\n\n\n<p><a href=\"http:\/\/www.oncodecolombia.com\/esal\/2022\/certificaciondirectivos.pdf\">4- Certificaci\u00f3n Directivos<\/a><\/p>\n\n\n\n<p><a href=\"http:\/\/www.oncodecolombia.com\/esal\/2022\/actaasamblea.pdf\">5- Acta Asamblea<\/a><\/p>\n\n\n\n<p><a href=\"http:\/\/www.oncodecolombia.com\/esal\/2022\/antecedentes.pdf\">6- Certificaci\u00f3n antecedentes<\/a><\/p>\n\n\n\n<p>A\u00f1os Anteriores:<\/p>\n\n\n\n<p>Documentos Permanencia ESAL 2021<\/p>\n\n\n\n<p>\n\nDocumentos Permanencia ESAL 2020\n\n<\/p>\n\n\n\n<p>Documentos Permanencia ESAL 2019<\/p>\n\n\n\n<p>Documentos Permanencia ESAL 2018<\/p>\n","protected":false},"excerpt":{"rendered":"<p>Documentaci\u00f3n presentada para solicitar la permanencia en el R\u00e9gimen Tributario Especial: 1- Informe de gesti\u00f3n 2- Estados financieros 3- Certificaci\u00f3n Articulo 364 4- Certificaci\u00f3n Directivos 5- Acta Asamblea 6- Certificaci\u00f3n antecedentes A\u00f1os Anteriores: Documentos Permanencia ESAL 2021 Documentos Permanencia ESAL 2020 Documentos Permanencia ESAL 2019 Documentos Permanencia ESAL 2018<\/p>\n","protected":false},"author":1,"featured_media":0,"parent":0,"menu_order":0,"comment_status":"closed","ping_status":"closed","template":"","meta":{"om_disable_all_campaigns":false,"_monsterinsights_skip_tracking":false,"_monsterinsights_sitenote_active":false,"_monsterinsights_sitenote_note":"","_monsterinsights_sitenote_category":0,"footnotes":""},"class_list":["post-93","page","type-page","status-publish","hentry"],"jetpack_sharing_enabled":true,"_links":{"self":[{"href":"https:\/\/oncodecolombia.com\/index.php\/wp-json\/wp\/v2\/pages\/93","targetHints":{"allow":["GET"]}}],"collection":[{"href":"https:\/\/oncodecolombia.com\/index.php\/wp-json\/wp\/v2\/pages"}],"about":[{"href":"https:\/\/oncodecolombia.com\/index.php\/wp-json\/wp\/v2\/types\/page"}],"author":[{"embeddable":true,"href":"https:\/\/oncodecolombia.com\/index.php\/wp-json\/wp\/v2\/users\/1"}],"replies":[{"embeddable":true,"href":"https:\/\/oncodecolombia.com\/index.php\/wp-json\/wp\/v2\/comments?post=93"}],"version-history":[{"count":3,"href":"https:\/\/oncodecolombia.com\/index.php\/wp-json\/wp\/v2\/pages\/93\/revisions"}],"predecessor-version":[{"id":101,"href":"https:\/\/oncodecolombia.com\/index.php\/wp-json\/wp\/v2\/pages\/93\/revisions\/101"}],"wp:attachment":[{"href":"https:\/\/oncodecolombia.com\/index.php\/wp-json\/wp\/v2\/media?parent=93"}],"curies":[{"name":"wp","href":"https:\/\/api.w.org\/{rel}","templated":true}]}}